{"id":1799,"date":"2023-09-07T09:29:52","date_gmt":"2023-09-07T07:29:52","guid":{"rendered":"https:\/\/rbwatches.dk.web07.webtohosting.dk\/?post_type=product&#038;p=1799"},"modified":"2024-05-13T07:37:24","modified_gmt":"2024-05-13T05:37:24","slug":"rolex-gmt-master-ii","status":"publish","type":"product","link":"https:\/\/rbwatches.dk\/en\/product\/rolex-gmt-master-ii\/","title":{"rendered":"Rolex GMT &#8211; Master II"},"content":{"rendered":"<p>&nbsp;<\/p>\n<p><iframe style=\"display: none;\"><\/iframe><\/p>\n<p><iframe style=\"display: none;\"><\/iframe><\/p>\n<p><iframe style=\"display: none;\"><\/iframe><\/p>\n<p><iframe style=\"display: none;\"><\/iframe><\/p>\n<p><iframe style=\"display: none;\"><\/iframe><\/p>\n<p><iframe style=\"display: none;\"><\/iframe><\/p>","protected":false},"excerpt":{"rendered":"<div class=\"xdj266r x11i5rnm xat24cr x1mh8g0r x1vvkbs x126k92a\">\n<div dir=\"auto\">Dr\u00f8mmer du om et ur der ikke ligner de andre ure ?<\/div>\n<\/div>\n<div class=\"x11i5rnm xat24cr x1mh8g0r x1vvkbs xtlvy1s x126k92a\">\n<div dir=\"auto\">S\u00e5 tag et kig p\u00e5 dette virkelig velholdte \u2013 og nye &#8211; Rolex GMT \u2013 Master II<\/div>\n<\/div>\n<div class=\"x11i5rnm xat24cr x1mh8g0r x1vvkbs xtlvy1s x126k92a\">\n<div dir=\"auto\">Uret er et af de bedste i Rolex\u2019 sortiment og har flere moderne detaljer.<\/div>\n<div dir=\"auto\">Rolex eneste h\u00f8jreh\u00e5nds ur til dato s\u00e5 bliver det ikke mere specielt til prisen.<\/div>\n<\/div>","protected":false},"featured_media":2015,"template":"","meta":{"_acf_changed":false,"rank_math_lock_modified_date":false,"inline_featured_image":false,"_kad_blocks_custom_css":"","_kad_blocks_head_custom_js":"","_kad_blocks_body_custom_js":"","_kad_blocks_footer_custom_js":"","_kadence_starter_templates_imported_post":false,"_kad_post_transparent":"default","_kad_post_title":"","_kad_post_layout":"default","_kad_post_sidebar_id":"","_kad_post_content_style":"default","_kad_post_vertical_padding":"default","_kad_post_feature":"","_kad_post_feature_position":"","_kad_post_header":false,"_kad_post_footer":false},"product_cat":[22],"product_tag":[],"class_list":{"0":"post-1799","1":"product","2":"type-product","3":"status-publish","4":"has-post-thumbnail","6":"product_cat-rolex","8":"first","9":"instock","10":"taxable","11":"shipping-taxable","12":"product-type-simple","13":"entry","14":"content-bg","15":"loop-entry"},"acf":[],"taxonomy_info":{"product_cat":[{"value":22,"label":"Rolex"}]},"featured_image_src_large":["https:\/\/rbwatches.dk\/wp-content\/uploads\/IMG_2857-1024x768.jpeg",1024,768,true],"author_info":[],"comment_info":"","_links":{"self":[{"href":"https:\/\/rbwatches.dk\/en\/wp-json\/wp\/v2\/product\/1799","targetHints":{"allow":["GET"]}}],"collection":[{"href":"https:\/\/rbwatches.dk\/en\/wp-json\/wp\/v2\/product"}],"about":[{"href":"https:\/\/rbwatches.dk\/en\/wp-json\/wp\/v2\/types\/product"}],"wp:featuredmedia":[{"embeddable":true,"href":"https:\/\/rbwatches.dk\/en\/wp-json\/wp\/v2\/media\/2015"}],"wp:attachment":[{"href":"https:\/\/rbwatches.dk\/en\/wp-json\/wp\/v2\/media?parent=1799"}],"wp:term":[{"taxonomy":"product_cat","embeddable":true,"href":"https:\/\/rbwatches.dk\/en\/wp-json\/wp\/v2\/product_cat?post=1799"},{"taxonomy":"product_tag","embeddable":true,"href":"https:\/\/rbwatches.dk\/en\/wp-json\/wp\/v2\/product_tag?post=1799"}],"curies":[{"name":"wp","href":"https:\/\/api.w.org\/{rel}","templated":true}]}}